{"id":103,"date":"2025-03-24T16:34:03","date_gmt":"2025-03-24T16:34:03","guid":{"rendered":"https:\/\/www.joogasalonki.fi\/?page_id=103"},"modified":"2026-03-18T12:29:58","modified_gmt":"2026-03-18T12:29:58","slug":"hinnasto","status":"publish","type":"page","link":"https:\/\/www.joogasalonki.fi\/index.php\/hinnasto\/","title":{"rendered":"Hinnasto"},"content":{"rendered":"\n<div style=\"height:25px\" aria-hidden=\"true\" class=\"wp-block-spacer\"><\/div>\n\n\n\n<h3 class=\"wp-block-heading\">Viikkotunnit<\/h3>\n\n\n\n<p>Hinnat kaikilla viikkotunneilla samat:<\/p>\n\n\n\n<p><strong>kertamaksu 16 \u20ac\u00a0\u00a0\u00a0\u00a0\u00a0\u00a0\u00a0\u00a0<\/strong><\/p>\n\n\n\n<p><strong>10x kortti 125 \u20ac<\/strong><\/p>\n\n\n\n<p>Saat osallistua maksutta kolmannelle viikkotunnille saman kalenteriviikon aikana.<\/p>\n\n\n\n<p>Kurssien hinnat l\u00f6yd\u00e4t kurssikohtaisilta sivuilta.<\/p>\n\n\n\n<p>Maksuv\u00e4lineen\u00e4 k\u00e4y&nbsp; k\u00e4teinen, MobilePay (53895 V\u00e4\u00e4ksyn Joogasalonki), Smartumit, Epassi, Edenred, sek\u00e4 tilisiirto:<\/p>\n\n\n\n<p>Lindamaria Hyvinvoinnin tukipalvelut (Nordea) &nbsp; FI62&nbsp;1471 3000 1093 65, &nbsp;viikkotuntimaksuissa viitenumero 20190.&nbsp;<\/p>\n\n\n\n<div style=\"height:60px\" aria-hidden=\"true\" class=\"wp-block-spacer\"><\/div>\n\n\n\n<h3 class=\"wp-block-heading\">Pieni joogatarvikekauppa<\/h3>\n\n\n\n<p>Joogasalongin aulatilassa on pieni joogakauppa, josta voit ostaa itsellesi maton ja muita joogatarvikkeita. Tuotekauppa on auki aina joogatuntien alussa ja lopussa.<\/p>\n\n\n\n<div style=\"height:60px\" aria-hidden=\"true\" class=\"wp-block-spacer\"><\/div>\n\n\n\n<h3 class=\"wp-block-heading\">Hinnastoa:<\/h3>\n\n\n\n<p>Joogavy\u00f6 3m 18 \u20ac<\/p>\n\n\n\n<p>Joogamatot &nbsp;40-90 \u20ac<\/p>\n\n\n\n<p>Bolsteri 65 \u20ac<\/p>\n\n\n\n<p>Korkkitiili 17 \u20ac&nbsp;<\/p>\n\n\n\n<figure class=\"wp-block-image size-full\"><img loading=\"lazy\" decoding=\"async\" width=\"1000\" height=\"450\" src=\"https:\/\/www.joogasalonki.fi\/wp-content\/uploads\/2025\/03\/Copy-of-Joogasalonki-vaaksy.png\" alt=\"\" class=\"wp-image-104\" srcset=\"https:\/\/www.joogasalonki.fi\/wp-content\/uploads\/2025\/03\/Copy-of-Joogasalonki-vaaksy.png 1000w, https:\/\/www.joogasalonki.fi\/wp-content\/uploads\/2025\/03\/Copy-of-Joogasalonki-vaaksy-300x135.png 300w, https:\/\/www.joogasalonki.fi\/wp-content\/uploads\/2025\/03\/Copy-of-Joogasalonki-vaaksy-768x346.png 768w\" sizes=\"auto, (max-width: 1000px) 100vw, 1000px\" \/><\/figure>\n","protected":false},"excerpt":{"rendered":"<p>Viikkotunnit Hinnat kaikilla viikkotunneilla samat: kertamaksu 16 \u20ac\u00a0\u00a0\u00a0\u00a0\u00a0\u00a0\u00a0\u00a0 10x kortti 125 \u20ac Saat osallistua maksutta kolmannelle viikkotunnille saman kalenteriviikon aikana. Kurssien hinnat l\u00f6yd\u00e4t kurssikohtaisilta sivuilta. Maksuv\u00e4lineen\u00e4 k\u00e4y&nbsp; k\u00e4teinen, MobilePay (53895 V\u00e4\u00e4ksyn Joogasalonki), Smartumit, Epassi, Edenred, sek\u00e4 tilisiirto: Lindamaria Hyvinvoinnin tukipalvelut (Nordea) &nbsp; FI62&nbsp;1471 3000 1093 65, &nbsp;viikkotuntimaksuissa viitenumero 20190.&nbsp; Pieni joogatarvikekauppa Joogasalongin aulatilassa on pieni <a class=\"read-more\" href=\"https:\/\/www.joogasalonki.fi\/index.php\/hinnasto\/\">READ MORE<\/a><\/p>\n","protected":false},"author":1,"featured_media":0,"parent":0,"menu_order":0,"comment_status":"closed","ping_status":"closed","template":"","meta":{"footnotes":""},"class_list":["post-103","page","type-page","status-publish","hentry"],"_links":{"self":[{"href":"https:\/\/www.joogasalonki.fi\/index.php\/wp-json\/wp\/v2\/pages\/103","targetHints":{"allow":["GET"]}}],"collection":[{"href":"https:\/\/www.joogasalonki.fi\/index.php\/wp-json\/wp\/v2\/pages"}],"about":[{"href":"https:\/\/www.joogasalonki.fi\/index.php\/wp-json\/wp\/v2\/types\/page"}],"author":[{"embeddable":true,"href":"https:\/\/www.joogasalonki.fi\/index.php\/wp-json\/wp\/v2\/users\/1"}],"replies":[{"embeddable":true,"href":"https:\/\/www.joogasalonki.fi\/index.php\/wp-json\/wp\/v2\/comments?post=103"}],"version-history":[{"count":11,"href":"https:\/\/www.joogasalonki.fi\/index.php\/wp-json\/wp\/v2\/pages\/103\/revisions"}],"predecessor-version":[{"id":921,"href":"https:\/\/www.joogasalonki.fi\/index.php\/wp-json\/wp\/v2\/pages\/103\/revisions\/921"}],"wp:attachment":[{"href":"https:\/\/www.joogasalonki.fi\/index.php\/wp-json\/wp\/v2\/media?parent=103"}],"curies":[{"name":"wp","href":"https:\/\/api.w.org\/{rel}","templated":true}]}}