{"id":106,"date":"2025-03-24T16:34:31","date_gmt":"2025-03-24T16:34:31","guid":{"rendered":"https:\/\/www.joogasalonki.fi\/?page_id=106"},"modified":"2026-04-08T11:12:23","modified_gmt":"2026-04-08T11:12:23","slug":"ohjaajat","status":"publish","type":"page","link":"https:\/\/www.joogasalonki.fi\/index.php\/ohjaajat\/","title":{"rendered":"Ohjaajat"},"content":{"rendered":"\n<p>Viikko- ja teematunteja ohjaavat t\u00e4ll\u00e4 hetkell\u00e4 <a href=\"https:\/\/www.joogasalonki.fi\/index.php\/ohjaajat\/linda-taakala\/\" data-type=\"link\" data-id=\"https:\/\/www.joogasalonki.fi\/index.php\/ohjaajat\/linda-taakala\/\">Linda<\/a> ja \u00a0<a href=\"https:\/\/www.joogasalonki.fi\/index.php\/ohjaajat\/miila\/\" data-type=\"link\" data-id=\"https:\/\/www.joogasalonki.fi\/index.php\/ohjaajat\/miila\/\">Miila<\/a>, lis\u00e4ksi retritti- ja kurssiohjaajina vierailee eri opettajia. <\/p>\n\n\n\n<p><\/p>\n","protected":false},"excerpt":{"rendered":"<p>Viikko- ja teematunteja ohjaavat t\u00e4ll\u00e4 hetkell\u00e4 Linda ja \u00a0Miila, lis\u00e4ksi retritti- ja kurssiohjaajina vierailee eri opettajia.<\/p>\n","protected":false},"author":1,"featured_media":0,"parent":0,"menu_order":0,"comment_status":"closed","ping_status":"closed","template":"","meta":{"footnotes":""},"class_list":["post-106","page","type-page","status-publish","hentry"],"_links":{"self":[{"href":"https:\/\/www.joogasalonki.fi\/index.php\/wp-json\/wp\/v2\/pages\/106","targetHints":{"allow":["GET"]}}],"collection":[{"href":"https:\/\/www.joogasalonki.fi\/index.php\/wp-json\/wp\/v2\/pages"}],"about":[{"href":"https:\/\/www.joogasalonki.fi\/index.php\/wp-json\/wp\/v2\/types\/page"}],"author":[{"embeddable":true,"href":"https:\/\/www.joogasalonki.fi\/index.php\/wp-json\/wp\/v2\/users\/1"}],"replies":[{"embeddable":true,"href":"https:\/\/www.joogasalonki.fi\/index.php\/wp-json\/wp\/v2\/comments?post=106"}],"version-history":[{"count":5,"href":"https:\/\/www.joogasalonki.fi\/index.php\/wp-json\/wp\/v2\/pages\/106\/revisions"}],"predecessor-version":[{"id":929,"href":"https:\/\/www.joogasalonki.fi\/index.php\/wp-json\/wp\/v2\/pages\/106\/revisions\/929"}],"wp:attachment":[{"href":"https:\/\/www.joogasalonki.fi\/index.php\/wp-json\/wp\/v2\/media?parent=106"}],"curies":[{"name":"wp","href":"https:\/\/api.w.org\/{rel}","templated":true}]}}