{"id":108,"date":"2025-03-24T16:36:34","date_gmt":"2025-03-24T16:36:34","guid":{"rendered":"https:\/\/www.joogasalonki.fi\/?page_id=108"},"modified":"2025-03-27T13:28:31","modified_gmt":"2025-03-27T13:28:31","slug":"joogasali","status":"publish","type":"page","link":"https:\/\/www.joogasalonki.fi\/index.php\/joogasali\/","title":{"rendered":"Joogasali"},"content":{"rendered":"\n<p><\/p>\n\n\n\n<figure class=\"wp-block-image size-full\"><img loading=\"lazy\" decoding=\"async\" width=\"1000\" height=\"350\" src=\"https:\/\/www.joogasalonki.fi\/wp-content\/uploads\/2025\/03\/Joogasalonki-vaaksy-5.png\" alt=\"\" class=\"wp-image-109\" srcset=\"https:\/\/www.joogasalonki.fi\/wp-content\/uploads\/2025\/03\/Joogasalonki-vaaksy-5.png 1000w, https:\/\/www.joogasalonki.fi\/wp-content\/uploads\/2025\/03\/Joogasalonki-vaaksy-5-300x105.png 300w, https:\/\/www.joogasalonki.fi\/wp-content\/uploads\/2025\/03\/Joogasalonki-vaaksy-5-768x269.png 768w\" sizes=\"auto, (max-width: 1000px) 100vw, 1000px\" \/><\/figure>\n\n\n\n<div style=\"height:60px\" aria-hidden=\"true\" class=\"wp-block-spacer\"><\/div>\n\n\n\n<p>Tervetuloa pieneen, valoisaan ja l\u00e4mpim\u00e4\u00e4n Joogasalonkiin!<\/p>\n\n\n\n<p>Joogasalongin talo, &#8221;Ohtolinna&#8221;, on osa kulttuurihistoriallisesti arvokasta V\u00e4\u00e4ksyn kanavan ymp\u00e4rist\u00f6\u00e4. Se on vuonna 1907 rakennettu hirsirakenteinen kes\u00e4huvila, joka on s\u00e4ilynyt alkuper\u00e4isess\u00e4 asussaan ja teht\u00e4v\u00e4ss\u00e4\u00e4n ensimm\u00e4iset sata vuotta.<\/p>\n\n\n\n<p>Vanhaa kunnioittaen olemme remontoineet huvilaan kodin ja Joogasalongin.&nbsp;Ohtolinna on keskener\u00e4inen ja valmis, seisoo rauhassa kivijalallaan, kuten on tehnyt jo kauemmin kuin kukaan meist\u00e4. Talokin voi opettaa.<\/p>\n\n\n\n<p>Joogasali on kes\u00e4huvilan entinen juhlasali, jonka ovet avattiin huvilavuosina harkitusti erityisin\u00e4 hetkin\u00e4, kun oli aika olla arvokkaasti l\u00e4sn\u00e4. Nyt saliin avataan ovi p\u00e4ivitt\u00e4in, kun on aika kunnioittaa El\u00e4m\u00e4\u00e4 joogaharjoituksella ja hiljentymisell\u00e4.<\/p>\n\n\n\n<p>Joogasalongissa harjoitellaan pieniss\u00e4 ryhmiss\u00e4, saliin mahtuu yht\u00e4 aikaa enint\u00e4\u00e4n kymmenen joogaajaa.<\/p>\n\n\n\n<div style=\"height:60px\" aria-hidden=\"true\" class=\"wp-block-spacer\"><\/div>\n\n\n\n<figure class=\"wp-block-gallery has-nested-images columns-default is-cropped wp-block-gallery-1 is-layout-flex wp-block-gallery-is-layout-flex\">\n<figure class=\"wp-block-image size-large\"><img loading=\"lazy\" decoding=\"async\" width=\"1024\" height=\"768\" data-id=\"110\" src=\"https:\/\/www.joogasalonki.fi\/wp-content\/uploads\/2025\/03\/Ohtolinna-2018-1024x768.jpg\" alt=\"\" class=\"wp-image-110\" srcset=\"https:\/\/www.joogasalonki.fi\/wp-content\/uploads\/2025\/03\/Ohtolinna-2018-1024x768.jpg 1024w, https:\/\/www.joogasalonki.fi\/wp-content\/uploads\/2025\/03\/Ohtolinna-2018-300x225.jpg 300w, https:\/\/www.joogasalonki.fi\/wp-content\/uploads\/2025\/03\/Ohtolinna-2018-768x576.jpg 768w, https:\/\/www.joogasalonki.fi\/wp-content\/uploads\/2025\/03\/Ohtolinna-2018.jpg 1280w\" sizes=\"auto, (max-width: 1024px) 100vw, 1024px\" \/><\/figure>\n<\/figure>\n","protected":false},"excerpt":{"rendered":"<p>Tervetuloa pieneen, valoisaan ja l\u00e4mpim\u00e4\u00e4n Joogasalonkiin! Joogasalongin talo, &#8221;Ohtolinna&#8221;, on osa kulttuurihistoriallisesti arvokasta V\u00e4\u00e4ksyn kanavan ymp\u00e4rist\u00f6\u00e4. Se on vuonna 1907 rakennettu hirsirakenteinen kes\u00e4huvila, joka on s\u00e4ilynyt alkuper\u00e4isess\u00e4 asussaan ja teht\u00e4v\u00e4ss\u00e4\u00e4n ensimm\u00e4iset sata vuotta. Vanhaa kunnioittaen olemme remontoineet huvilaan kodin ja Joogasalongin.&nbsp;Ohtolinna on keskener\u00e4inen ja valmis, seisoo rauhassa kivijalallaan, kuten on tehnyt jo kauemmin kuin kukaan <a class=\"read-more\" href=\"https:\/\/www.joogasalonki.fi\/index.php\/joogasali\/\">READ MORE<\/a><\/p>\n","protected":false},"author":1,"featured_media":0,"parent":0,"menu_order":0,"comment_status":"closed","ping_status":"closed","template":"","meta":{"footnotes":""},"class_list":["post-108","page","type-page","status-publish","hentry"],"_links":{"self":[{"href":"https:\/\/www.joogasalonki.fi\/index.php\/wp-json\/wp\/v2\/pages\/108","targetHints":{"allow":["GET"]}}],"collection":[{"href":"https:\/\/www.joogasalonki.fi\/index.php\/wp-json\/wp\/v2\/pages"}],"about":[{"href":"https:\/\/www.joogasalonki.fi\/index.php\/wp-json\/wp\/v2\/types\/page"}],"author":[{"embeddable":true,"href":"https:\/\/www.joogasalonki.fi\/index.php\/wp-json\/wp\/v2\/users\/1"}],"replies":[{"embeddable":true,"href":"https:\/\/www.joogasalonki.fi\/index.php\/wp-json\/wp\/v2\/comments?post=108"}],"version-history":[{"count":3,"href":"https:\/\/www.joogasalonki.fi\/index.php\/wp-json\/wp\/v2\/pages\/108\/revisions"}],"predecessor-version":[{"id":224,"href":"https:\/\/www.joogasalonki.fi\/index.php\/wp-json\/wp\/v2\/pages\/108\/revisions\/224"}],"wp:attachment":[{"href":"https:\/\/www.joogasalonki.fi\/index.php\/wp-json\/wp\/v2\/media?parent=108"}],"curies":[{"name":"wp","href":"https:\/\/api.w.org\/{rel}","templated":true}]}}