{"id":112,"date":"2025-03-24T16:37:01","date_gmt":"2025-03-24T16:37:01","guid":{"rendered":"https:\/\/www.joogasalonki.fi\/?page_id=112"},"modified":"2025-03-30T14:11:19","modified_gmt":"2025-03-30T14:11:19","slug":"yhteystiedot","status":"publish","type":"page","link":"https:\/\/www.joogasalonki.fi\/index.php\/yhteystiedot\/","title":{"rendered":"Yhteystiedot"},"content":{"rendered":"\n<p><strong>Osoite<\/strong>: Vesij\u00e4rventie 13, 17200 V\u00e4\u00e4ksy<\/p>\n\n\n\n<p>Kanavalta p\u00e4in tullessa, k\u00e4\u00e4nny postilaatikkojen j\u00e4lkeiseen pihaan.<\/p>\n\n\n\n<p><strong>Puhelinnumero<\/strong>:\u00a0 044 282 0106,\u00a0Linda Taakala\u00a0<\/p>\n\n\n\n<p><strong>S\u00e4hk\u00f6postiosoite<\/strong>: kontakti (at) lindamaria.fi<\/p>\n\n\n\n<p>Ilmoittautumiset viikkotunneille tapahtuvat tuntikohtaisesti s\u00e4hk\u00f6isess\u00e4 ilmoittautumisalustassa Slotissa:<\/p>\n\n\n\n<p><a href=\"https:\/\/slotti.fi\/booking\/joogasalonki\/\" target=\"_blank\" rel=\"noreferrer noopener\">P\u00e4ivittyv\u00e4 ohjelma ja ilmoittautumiset<\/a><\/p>\n\n\n\n<p>Retriitti- ja kurssi-ilmoittautumiset suoraan Lindalle.<\/p>\n\n\n\n<p><\/p>\n","protected":false},"excerpt":{"rendered":"<p>Osoite: Vesij\u00e4rventie 13, 17200 V\u00e4\u00e4ksy Kanavalta p\u00e4in tullessa, k\u00e4\u00e4nny postilaatikkojen j\u00e4lkeiseen pihaan. Puhelinnumero:\u00a0 044 282 0106,\u00a0Linda Taakala\u00a0 S\u00e4hk\u00f6postiosoite: kontakti (at) lindamaria.fi Ilmoittautumiset viikkotunneille tapahtuvat tuntikohtaisesti s\u00e4hk\u00f6isess\u00e4 ilmoittautumisalustassa Slotissa: P\u00e4ivittyv\u00e4 ohjelma ja ilmoittautumiset Retriitti- ja kurssi-ilmoittautumiset suoraan Lindalle.<\/p>\n","protected":false},"author":1,"featured_media":0,"parent":0,"menu_order":0,"comment_status":"closed","ping_status":"closed","template":"","meta":{"footnotes":""},"class_list":["post-112","page","type-page","status-publish","hentry"],"_links":{"self":[{"href":"https:\/\/www.joogasalonki.fi\/index.php\/wp-json\/wp\/v2\/pages\/112","targetHints":{"allow":["GET"]}}],"collection":[{"href":"https:\/\/www.joogasalonki.fi\/index.php\/wp-json\/wp\/v2\/pages"}],"about":[{"href":"https:\/\/www.joogasalonki.fi\/index.php\/wp-json\/wp\/v2\/types\/page"}],"author":[{"embeddable":true,"href":"https:\/\/www.joogasalonki.fi\/index.php\/wp-json\/wp\/v2\/users\/1"}],"replies":[{"embeddable":true,"href":"https:\/\/www.joogasalonki.fi\/index.php\/wp-json\/wp\/v2\/comments?post=112"}],"version-history":[{"count":3,"href":"https:\/\/www.joogasalonki.fi\/index.php\/wp-json\/wp\/v2\/pages\/112\/revisions"}],"predecessor-version":[{"id":393,"href":"https:\/\/www.joogasalonki.fi\/index.php\/wp-json\/wp\/v2\/pages\/112\/revisions\/393"}],"wp:attachment":[{"href":"https:\/\/www.joogasalonki.fi\/index.php\/wp-json\/wp\/v2\/media?parent=112"}],"curies":[{"name":"wp","href":"https:\/\/api.w.org\/{rel}","templated":true}]}}