{"id":228,"date":"2025-03-27T13:37:54","date_gmt":"2025-03-27T13:37:54","guid":{"rendered":"https:\/\/www.joogasalonki.fi\/?page_id=228"},"modified":"2025-08-28T11:30:24","modified_gmt":"2025-08-28T11:30:24","slug":"linda-taakala","status":"publish","type":"page","link":"https:\/\/www.joogasalonki.fi\/index.php\/ohjaajat\/linda-taakala\/","title":{"rendered":"Linda Taakala"},"content":{"rendered":"\n<p>Olen Joogasalongin onnekas omistaja, ohjaaja ja hiljainen harjoittelija. Aloitin astangajoogan v. 2002 ja se on ollut keskeinen osa el\u00e4m\u00e4ntapaani sielt\u00e4 asti. Kokemuksen kautta luottamukseni harjoitukseen on syv\u00e4.<\/p>\n\n\n\n<p>Olen pit\u00e4nyt Joogasalonkia kotonani vuodesta 2010 alkaen. Ohjelmassa on viikkotunteja ja kursseja, ja lis\u00e4ksi kutsun vierailevia ohjaajia viikonloppukursseille ja retriiteille.<\/p>\n\n\n\n<p>Joogaymm\u00e4rrykseni ja osaamiseni on kertynyt harjoitukseen syventym\u00e4ll\u00e4 ja erilaisten ohjaajien opastuksessa. Alkujaan joogaharjoitteluni ovat alkaneet 2000-2001 R\u00e4is\u00e4l\u00e4n kansanopiston Luovan el\u00e4m\u00e4ntaidon linjalla. Astangaa olen harjoitellut vuodesta 2002 alkaen, jolloin aloitin Lahden astangajoogasalilla.<\/p>\n\n\n\n<p>Joogan ohjaamiseen olen perehtynyt vuodesta 2004 alkaen. Voit katsoa yhteenvetoa vaiheista <em><strong><a href=\"https:\/\/www.joogasalonki.fi\/index.php\/ohjaajat\/linda-taakala\/joogapolkuni\/\" data-type=\"link\" data-id=\"https:\/\/www.joogasalonki.fi\/index.php\/ohjaajat\/linda-taakala\/joogapolkuni\/\">joogapolku-sivulta<\/a><\/strong>.<\/em><\/p>\n\n\n\n<p>Astangajoogaharjoitus on minulle hyvin arvokas osa el\u00e4m\u00e4\u00e4 &#8211; ja el\u00e4m\u00e4 on minulle hyvin arvokas osa harjoitusta. Olen kokenut joogan harjoittelun koko 20 vuoden ajan valtavan toimivana metodina, ja todella tykk\u00e4\u00e4n joogaamisesta : ) Erilaisissa el\u00e4m\u00e4nvaiheissa harjoituksen laaja-alaisuus on auttanut eri tavoin. Tulen l\u00e4hes aina harjoituksen tehdess\u00e4ni onnelliseksi. Koen saavani harjoituksesta vahvan yhteyden itseeni, tietoisuuteen, muusta riippumattomaan rauhan ja turvan kokemukseen, fyysiseen ja psyykkiseen hyvinvoinnin kokemukseen, ja n\u00e4iden kasvattamiseen.<\/p>\n\n\n\n<p>N\u00e4iden vuoksi minusta on kivaa opettaa joogaharjoitusta my\u00f6s muille. Joogaavien ihmisten yhteis\u00f6n yll\u00e4pit\u00e4minen ja muiden auttaminen eteenp\u00e4in joogaharjoittelussa ovat minulle t\u00e4rkeit\u00e4 motivoivia syit\u00e4 pit\u00e4\u00e4 joogasalia.<\/p>\n\n\n\n<p>Minua ihmisen\u00e4, joogina, ohjaajana ja terapeuttina kiinnostaa joogaharjoitusten laajat mahdollisuudet, erityisesti el\u00e4m\u00e4nvoiman s\u00e4\u00e4telyn ja viisauden yhdistyminen.&nbsp;&#8230;kehon kuuntelun taitoa lis\u00e4\u00e4v\u00e4 fyysisesti monipuolinen harjoitus,<br>tietoisuutta, l\u00e4sn\u00e4 olemista,&nbsp;hiljaisuutta&nbsp;ja el\u00e4m\u00e4\u00e4 ymm\u00e4rt\u00e4v\u00e4, kauneutta, kasvua, my\u00f6t\u00e4tuntoa ja hyv\u00e4ksymist\u00e4 lis\u00e4\u00e4v\u00e4 psyykkinen ja henkinen harjoitus.<\/p>\n\n\n\n<p><br>Olen koulutukseltani psykoterapeutti (Valvira) ja sosionomi AMK. P\u00e4\u00e4ty\u00f6n\u00e4ni pid\u00e4n psykoterapiavastaanottoa. &nbsp;<a href=\"https:\/\/lindamaria.fi\/\" target=\"_blank\" rel=\"noreferrer noopener\">www.lindamaria.fi<\/a><\/p>\n\n\n\n<p>Puhelin &nbsp;044 282 0106<\/p>\n\n\n\n<div style=\"height:30px\" aria-hidden=\"true\" class=\"wp-block-spacer\"><\/div>\n\n\n\n<h3 class=\"wp-block-heading has-text-align-center\"><em><strong>&#8221;Jooga on ihanaa&#8221;<\/strong><\/em><\/h3>\n\n\n\n<blockquote class=\"wp-block-quote is-layout-flow wp-block-quote-is-layout-flow\">\n<blockquote class=\"wp-block-quote is-layout-flow wp-block-quote-is-layout-flow\">\n<div style=\"height:30px\" aria-hidden=\"true\" class=\"wp-block-spacer\"><\/div>\n<\/blockquote>\n<\/blockquote>\n\n\n\n<figure class=\"wp-block-gallery has-nested-images columns-default is-cropped wp-block-gallery-1 is-layout-flex wp-block-gallery-is-layout-flex\">\n<figure class=\"wp-block-image size-large\"><img loading=\"lazy\" decoding=\"async\" width=\"1024\" height=\"681\" data-id=\"231\" src=\"https:\/\/www.joogasalonki.fi\/wp-content\/uploads\/2025\/03\/Linda-1024x681.jpg\" alt=\"\" class=\"wp-image-231\" srcset=\"https:\/\/www.joogasalonki.fi\/wp-content\/uploads\/2025\/03\/Linda-1024x681.jpg 1024w, https:\/\/www.joogasalonki.fi\/wp-content\/uploads\/2025\/03\/Linda-300x199.jpg 300w, https:\/\/www.joogasalonki.fi\/wp-content\/uploads\/2025\/03\/Linda-768x511.jpg 768w, https:\/\/www.joogasalonki.fi\/wp-content\/uploads\/2025\/03\/Linda.jpg 1050w\" sizes=\"auto, (max-width: 1024px) 100vw, 1024px\" \/><\/figure>\n<\/figure>\n\n\n\n<blockquote class=\"wp-block-quote is-style-plain is-layout-flow wp-block-quote-is-layout-flow\">\n<div style=\"height:10px\" aria-hidden=\"true\" class=\"wp-block-spacer\"><\/div>\n<\/blockquote>\n","protected":false},"excerpt":{"rendered":"<p>Olen Joogasalongin onnekas omistaja, ohjaaja ja hiljainen harjoittelija. Aloitin astangajoogan v. 2002 ja se on ollut keskeinen osa el\u00e4m\u00e4ntapaani sielt\u00e4 asti. Kokemuksen kautta luottamukseni harjoitukseen on syv\u00e4. Olen pit\u00e4nyt Joogasalonkia kotonani vuodesta 2010 alkaen. Ohjelmassa on viikkotunteja ja kursseja, ja lis\u00e4ksi kutsun vierailevia ohjaajia viikonloppukursseille ja retriiteille. Joogaymm\u00e4rrykseni ja osaamiseni on kertynyt harjoitukseen syventym\u00e4ll\u00e4 ja <a class=\"read-more\" href=\"https:\/\/www.joogasalonki.fi\/index.php\/ohjaajat\/linda-taakala\/\">READ MORE<\/a><\/p>\n","protected":false},"author":1,"featured_media":0,"parent":106,"menu_order":0,"comment_status":"closed","ping_status":"closed","template":"","meta":{"footnotes":""},"class_list":["post-228","page","type-page","status-publish","hentry"],"_links":{"self":[{"href":"https:\/\/www.joogasalonki.fi\/index.php\/wp-json\/wp\/v2\/pages\/228","targetHints":{"allow":["GET"]}}],"collection":[{"href":"https:\/\/www.joogasalonki.fi\/index.php\/wp-json\/wp\/v2\/pages"}],"about":[{"href":"https:\/\/www.joogasalonki.fi\/index.php\/wp-json\/wp\/v2\/types\/page"}],"author":[{"embeddable":true,"href":"https:\/\/www.joogasalonki.fi\/index.php\/wp-json\/wp\/v2\/users\/1"}],"replies":[{"embeddable":true,"href":"https:\/\/www.joogasalonki.fi\/index.php\/wp-json\/wp\/v2\/comments?post=228"}],"version-history":[{"count":20,"href":"https:\/\/www.joogasalonki.fi\/index.php\/wp-json\/wp\/v2\/pages\/228\/revisions"}],"predecessor-version":[{"id":736,"href":"https:\/\/www.joogasalonki.fi\/index.php\/wp-json\/wp\/v2\/pages\/228\/revisions\/736"}],"up":[{"embeddable":true,"href":"https:\/\/www.joogasalonki.fi\/index.php\/wp-json\/wp\/v2\/pages\/106"}],"wp:attachment":[{"href":"https:\/\/www.joogasalonki.fi\/index.php\/wp-json\/wp\/v2\/media?parent=228"}],"curies":[{"name":"wp","href":"https:\/\/api.w.org\/{rel}","templated":true}]}}