{"id":246,"date":"2025-03-27T13:56:46","date_gmt":"2025-03-27T13:56:46","guid":{"rendered":"https:\/\/www.joogasalonki.fi\/?page_id=246"},"modified":"2025-04-07T14:49:41","modified_gmt":"2025-04-07T14:49:41","slug":"miila","status":"publish","type":"page","link":"https:\/\/www.joogasalonki.fi\/index.php\/ohjaajat\/miila\/","title":{"rendered":"Miila Rahom\u00e4ki"},"content":{"rendered":"\n<p><\/p>\n\n\n\n<p>&#8221;Olen lahtelainen joogaohjaaja. Tavoitteena on el\u00e4\u00e4 omann\u00e4k\u00f6ist\u00e4 el\u00e4m\u00e4\u00e4. Nauttien ajasta perheen ja yst\u00e4vien kanssa, t\u00f6ist\u00e4, aamukahveista, auringonkukista, nukkumisesta ja yksin olosta.<\/p>\n\n\n\n<p>Joogatunteja ohjaan pehme\u00e4ll\u00e4 ja tutkivalla otteella. Ajatuksena, ett\u00e4 jooga palauttaa takaisin yksinkertaisuuteen &#8211; hetkess\u00e4 olemiseen ja hengitt\u00e4miseen. Vuosien saatossa joogasta on l\u00f6ytynyt minulle yksi luonnollisimmista tavoista liikkua ja ohjaus vuosia on kertynyt reilut seitsem\u00e4n vuotta.<\/p>\n\n\n\n<p>Minun tunnit ovat hetki\u00e4 joissa yhdistyy lempeys ja l\u00e4sn\u00e4olo. Anna itsellesi lupa pys\u00e4hty\u00e4 ja tuntea.<\/p>\n\n\n\n<p>N\u00e4hd\u00e4\u00e4n joogamatolla&#8221;<\/p>\n\n\n\n<p>Miila pit\u00e4\u00e4 Joogasalongissa GroundingYin tunteja. Katso\u00a0<a href=\"https:\/\/www.joogasalonki.fi\/index.php\/minikurssit-ja-teematunnit\/\" data-type=\"link\" data-id=\"https:\/\/www.joogasalonki.fi\/index.php\/minikurssit-ja-teematunnit\/\">teematunnit!<\/a><\/p>\n\n\n\n<p>Katso my\u00f6s&nbsp;<a href=\"https:\/\/www.miilarahomaki.com\/\" target=\"_blank\" rel=\"noreferrer noopener\">https:\/\/www.miilarahomaki.com<\/a><\/p>\n\n\n\n<p>Puhelin 040 701 2883<\/p>\n\n\n\n<figure class=\"wp-block-image size-large is-resized\"><img loading=\"lazy\" decoding=\"async\" width=\"683\" height=\"1024\" src=\"https:\/\/www.joogasalonki.fi\/wp-content\/uploads\/2025\/03\/Image-683x1024.jpeg\" alt=\"\" class=\"wp-image-247\" style=\"width:404px;height:auto\" srcset=\"https:\/\/www.joogasalonki.fi\/wp-content\/uploads\/2025\/03\/Image-683x1024.jpeg 683w, https:\/\/www.joogasalonki.fi\/wp-content\/uploads\/2025\/03\/Image-200x300.jpeg 200w, https:\/\/www.joogasalonki.fi\/wp-content\/uploads\/2025\/03\/Image-768x1152.jpeg 768w, https:\/\/www.joogasalonki.fi\/wp-content\/uploads\/2025\/03\/Image-1024x1536.jpeg 1024w, https:\/\/www.joogasalonki.fi\/wp-content\/uploads\/2025\/03\/Image.jpeg 1280w\" sizes=\"auto, (max-width: 683px) 100vw, 683px\" \/><\/figure>\n","protected":false},"excerpt":{"rendered":"<p>&#8221;Olen lahtelainen joogaohjaaja. Tavoitteena on el\u00e4\u00e4 omann\u00e4k\u00f6ist\u00e4 el\u00e4m\u00e4\u00e4. Nauttien ajasta perheen ja yst\u00e4vien kanssa, t\u00f6ist\u00e4, aamukahveista, auringonkukista, nukkumisesta ja yksin olosta. Joogatunteja ohjaan pehme\u00e4ll\u00e4 ja tutkivalla otteella. Ajatuksena, ett\u00e4 jooga palauttaa takaisin yksinkertaisuuteen &#8211; hetkess\u00e4 olemiseen ja hengitt\u00e4miseen. Vuosien saatossa joogasta on l\u00f6ytynyt minulle yksi luonnollisimmista tavoista liikkua ja ohjaus vuosia on kertynyt reilut seitsem\u00e4n <a class=\"read-more\" href=\"https:\/\/www.joogasalonki.fi\/index.php\/ohjaajat\/miila\/\">READ MORE<\/a><\/p>\n","protected":false},"author":1,"featured_media":0,"parent":106,"menu_order":0,"comment_status":"closed","ping_status":"closed","template":"","meta":{"footnotes":""},"class_list":["post-246","page","type-page","status-publish","hentry"],"_links":{"self":[{"href":"https:\/\/www.joogasalonki.fi\/index.php\/wp-json\/wp\/v2\/pages\/246","targetHints":{"allow":["GET"]}}],"collection":[{"href":"https:\/\/www.joogasalonki.fi\/index.php\/wp-json\/wp\/v2\/pages"}],"about":[{"href":"https:\/\/www.joogasalonki.fi\/index.php\/wp-json\/wp\/v2\/types\/page"}],"author":[{"embeddable":true,"href":"https:\/\/www.joogasalonki.fi\/index.php\/wp-json\/wp\/v2\/users\/1"}],"replies":[{"embeddable":true,"href":"https:\/\/www.joogasalonki.fi\/index.php\/wp-json\/wp\/v2\/comments?post=246"}],"version-history":[{"count":3,"href":"https:\/\/www.joogasalonki.fi\/index.php\/wp-json\/wp\/v2\/pages\/246\/revisions"}],"predecessor-version":[{"id":436,"href":"https:\/\/www.joogasalonki.fi\/index.php\/wp-json\/wp\/v2\/pages\/246\/revisions\/436"}],"up":[{"embeddable":true,"href":"https:\/\/www.joogasalonki.fi\/index.php\/wp-json\/wp\/v2\/pages\/106"}],"wp:attachment":[{"href":"https:\/\/www.joogasalonki.fi\/index.php\/wp-json\/wp\/v2\/media?parent=246"}],"curies":[{"name":"wp","href":"https:\/\/api.w.org\/{rel}","templated":true}]}}