{"id":62,"date":"2025-03-24T16:16:09","date_gmt":"2025-03-24T16:16:09","guid":{"rendered":"https:\/\/www.joogasalonki.fi\/?page_id=62"},"modified":"2025-04-08T08:03:20","modified_gmt":"2025-04-08T08:03:20","slug":"ilmoittautumisohjeet","status":"publish","type":"page","link":"https:\/\/www.joogasalonki.fi\/index.php\/ilmoittautumisohjeet\/","title":{"rendered":"Ilmoittautumisohjeet"},"content":{"rendered":"\n<figure class=\"wp-block-image size-full\"><img loading=\"lazy\" decoding=\"async\" width=\"1000\" height=\"350\" src=\"https:\/\/www.joogasalonki.fi\/wp-content\/uploads\/2025\/03\/Joogasalonki-vaaksy-min.jpg\" alt=\"\" class=\"wp-image-21\" srcset=\"https:\/\/www.joogasalonki.fi\/wp-content\/uploads\/2025\/03\/Joogasalonki-vaaksy-min.jpg 1000w, https:\/\/www.joogasalonki.fi\/wp-content\/uploads\/2025\/03\/Joogasalonki-vaaksy-min-300x105.jpg 300w, https:\/\/www.joogasalonki.fi\/wp-content\/uploads\/2025\/03\/Joogasalonki-vaaksy-min-768x269.jpg 768w\" sizes=\"auto, (max-width: 1000px) 100vw, 1000px\" \/><\/figure>\n\n\n\n<p><\/p>\n\n\n\n<div style=\"height:60px\" aria-hidden=\"true\" class=\"wp-block-spacer\"><\/div>\n\n\n\n<h3 class=\"wp-block-heading\">Ilmoittautuminen viikkotunneille Joogasalongin Slotti-varausj\u00e4rjestelm\u00e4ss\u00e4<\/h3>\n\n\n\n<div style=\"height:60px\" aria-hidden=\"true\" class=\"wp-block-spacer\"><\/div>\n\n\n\n<p><a href=\"https:\/\/slotti.fi\/booking\/joogasalonki\/\" target=\"_blank\" rel=\"noreferrer noopener\"><em><strong>T\u00c4ST\u00c4 P\u00c4\u00c4SET Slottiin ILMOITTAUTUMAAN<\/strong><\/em><\/a><\/p>\n\n\n\n<div style=\"height:60px\" aria-hidden=\"true\" class=\"wp-block-spacer\"><\/div>\n\n\n\n<p><strong>Kunkin tunnin ilmoittautuminen sulkeutuu Slotti-ohjelmassa klo 12.00 tai 12.30 samana p\u00e4iv\u00e4n\u00e4.<\/strong><\/p>\n\n\n\n<p><\/p>\n\n\n\n<p><\/p>\n\n\n\n<p>Tunneille ilmoittautuminen etuk\u00e4teen on t\u00e4rke\u00e4\u00e4, koska sali on pieni. Maksimi osallistujam\u00e4\u00e4r\u00e4 on 10 hl\u00f6\u00e4, ennakkoilmoittautuneiden minimi&nbsp;2-4 tunnista riippuen.&nbsp;<\/p>\n\n\n\n<p>T\u00e4ysille tunneille voi Slotti-varausj\u00e4rjestelm\u00e4ss\u00e4 ilmoittautua my\u00f6s jonoon, josta saa automaattisen s\u00e4hk\u00f6posti-ilmoituksen p\u00e4\u00e4sty\u00e4\u00e4n peruutuspaikalle!&nbsp;<\/p>\n\n\n\n<p>S\u00c4\u00c4ST\u00c4 S\u00c4HK\u00d6POSTIT, jotka saat vahvistuksena jokaisesta tuntivarauksestasi. VAHVISTUSVIESTIST\u00c4 L\u00d6YTYY MAHDOLLISUUS SAMAN ILMOITTAUTUMISEN PERUMISEEN.<\/p>\n\n\n\n<p>Tarvittaessa voit laittaa viimehetken ilmoittautumiset ja perumiset suoraan ohjaajalle tekstiviestill\u00e4 my\u00f6s viel\u00e4 Slotin sulkeuduttua.&nbsp;Linda (astanga) 044 282 0106, Jarno (iyengar) 050 573 2715, Miila (yin) 040 701 2883<\/p>\n\n\n\n<p><\/p>\n\n\n\n<p><strong>Peruuttamatta j\u00e4\u00e4neist\u00e4 ilmoittautumisista veloitetaan normaali tuntimaksu.&nbsp;<\/strong><\/p>\n\n\n\n<p><strong>Mahdollisesta tuntien peruuntumisesta ilmoitetaan s\u00e4hk\u00f6postitse, tai  puhelimitse mik\u00e4li olet antanut puhelinnumerosi ilmoittautumisen yhteyss\u00e4.<\/strong><\/p>\n","protected":false},"excerpt":{"rendered":"<p>Ilmoittautuminen viikkotunneille Joogasalongin Slotti-varausj\u00e4rjestelm\u00e4ss\u00e4 T\u00c4ST\u00c4 P\u00c4\u00c4SET Slottiin ILMOITTAUTUMAAN Kunkin tunnin ilmoittautuminen sulkeutuu Slotti-ohjelmassa klo 12.00 tai 12.30 samana p\u00e4iv\u00e4n\u00e4. Tunneille ilmoittautuminen etuk\u00e4teen on t\u00e4rke\u00e4\u00e4, koska sali on pieni. Maksimi osallistujam\u00e4\u00e4r\u00e4 on 10 hl\u00f6\u00e4, ennakkoilmoittautuneiden minimi&nbsp;2-4 tunnista riippuen.&nbsp; T\u00e4ysille tunneille voi Slotti-varausj\u00e4rjestelm\u00e4ss\u00e4 ilmoittautua my\u00f6s jonoon, josta saa automaattisen s\u00e4hk\u00f6posti-ilmoituksen p\u00e4\u00e4sty\u00e4\u00e4n peruutuspaikalle!&nbsp; S\u00c4\u00c4ST\u00c4 S\u00c4HK\u00d6POSTIT, jotka saat vahvistuksena <a class=\"read-more\" href=\"https:\/\/www.joogasalonki.fi\/index.php\/ilmoittautumisohjeet\/\">READ MORE<\/a><\/p>\n","protected":false},"author":1,"featured_media":0,"parent":0,"menu_order":0,"comment_status":"closed","ping_status":"closed","template":"","meta":{"footnotes":""},"class_list":["post-62","page","type-page","status-publish","hentry"],"_links":{"self":[{"href":"https:\/\/www.joogasalonki.fi\/index.php\/wp-json\/wp\/v2\/pages\/62","targetHints":{"allow":["GET"]}}],"collection":[{"href":"https:\/\/www.joogasalonki.fi\/index.php\/wp-json\/wp\/v2\/pages"}],"about":[{"href":"https:\/\/www.joogasalonki.fi\/index.php\/wp-json\/wp\/v2\/types\/page"}],"author":[{"embeddable":true,"href":"https:\/\/www.joogasalonki.fi\/index.php\/wp-json\/wp\/v2\/users\/1"}],"replies":[{"embeddable":true,"href":"https:\/\/www.joogasalonki.fi\/index.php\/wp-json\/wp\/v2\/comments?post=62"}],"version-history":[{"count":11,"href":"https:\/\/www.joogasalonki.fi\/index.php\/wp-json\/wp\/v2\/pages\/62\/revisions"}],"predecessor-version":[{"id":488,"href":"https:\/\/www.joogasalonki.fi\/index.php\/wp-json\/wp\/v2\/pages\/62\/revisions\/488"}],"wp:attachment":[{"href":"https:\/\/www.joogasalonki.fi\/index.php\/wp-json\/wp\/v2\/media?parent=62"}],"curies":[{"name":"wp","href":"https:\/\/api.w.org\/{rel}","templated":true}]}}