{"id":88,"date":"2025-03-24T16:27:49","date_gmt":"2025-03-24T16:27:49","guid":{"rendered":"https:\/\/www.joogasalonki.fi\/?page_id=88"},"modified":"2025-11-26T10:28:20","modified_gmt":"2025-11-26T10:28:20","slug":"astanga-jatkokurssit","status":"publish","type":"page","link":"https:\/\/www.joogasalonki.fi\/index.php\/astanga-jatkokurssit\/","title":{"rendered":"Astanga jatkokurssit"},"content":{"rendered":"\n<figure class=\"wp-block-gallery has-nested-images columns-default is-cropped wp-block-gallery-1 is-layout-flex wp-block-gallery-is-layout-flex\">\n<figure class=\"wp-block-image size-large\"><img loading=\"lazy\" decoding=\"async\" width=\"1000\" height=\"350\" data-id=\"89\" src=\"https:\/\/www.joogasalonki.fi\/wp-content\/uploads\/2025\/03\/Joogasalonki-vaaksy-2_1-1.png\" alt=\"\" class=\"wp-image-89\" srcset=\"https:\/\/www.joogasalonki.fi\/wp-content\/uploads\/2025\/03\/Joogasalonki-vaaksy-2_1-1.png 1000w, https:\/\/www.joogasalonki.fi\/wp-content\/uploads\/2025\/03\/Joogasalonki-vaaksy-2_1-1-300x105.png 300w, https:\/\/www.joogasalonki.fi\/wp-content\/uploads\/2025\/03\/Joogasalonki-vaaksy-2_1-1-768x269.png 768w\" sizes=\"auto, (max-width: 1000px) 100vw, 1000px\" \/><\/figure>\n<\/figure>\n\n\n\n<h1 class=\"wp-block-heading\"><\/h1>\n\n\n\n<div style=\"height:30px\" aria-hidden=\"true\" class=\"wp-block-spacer\"><\/div>\n\n\n\n<h3 class=\"wp-block-heading\">ASTANGAN SYVENT\u00c4V\u00c4 viikonloppukurssi<\/h3>\n\n\n\n<p>Seuraava kurssi pidet\u00e4\u00e4n v. 2026, ajankohta viel\u00e4 auki!<\/p>\n\n\n\n<p><\/p>\n\n\n\n<hr class=\"wp-block-separator has-alpha-channel-opacity\"\/>\n\n\n\n<div style=\"height:31px\" aria-hidden=\"true\" class=\"wp-block-spacer\"><\/div>\n\n\n\n<div style=\"height:48px\" aria-hidden=\"true\" class=\"wp-block-spacer\"><\/div>\n\n\n\n<p>Toiveita tai kurssin teemaehdotuksia voi esitt\u00e4\u00e4 Lindalle: &nbsp;kontakti (at) lindamaria.fi &nbsp;ja muille Joogasalongin ohjaajille!<\/p>\n","protected":false},"excerpt":{"rendered":"<p>ASTANGAN SYVENT\u00c4V\u00c4 viikonloppukurssi Seuraava kurssi pidet\u00e4\u00e4n v. 2026, ajankohta viel\u00e4 auki! Toiveita tai kurssin teemaehdotuksia voi esitt\u00e4\u00e4 Lindalle: &nbsp;kontakti (at) lindamaria.fi &nbsp;ja muille Joogasalongin ohjaajille!<\/p>\n","protected":false},"author":1,"featured_media":0,"parent":0,"menu_order":0,"comment_status":"closed","ping_status":"closed","template":"","meta":{"footnotes":""},"class_list":["post-88","page","type-page","status-publish","hentry"],"_links":{"self":[{"href":"https:\/\/www.joogasalonki.fi\/index.php\/wp-json\/wp\/v2\/pages\/88","targetHints":{"allow":["GET"]}}],"collection":[{"href":"https:\/\/www.joogasalonki.fi\/index.php\/wp-json\/wp\/v2\/pages"}],"about":[{"href":"https:\/\/www.joogasalonki.fi\/index.php\/wp-json\/wp\/v2\/types\/page"}],"author":[{"embeddable":true,"href":"https:\/\/www.joogasalonki.fi\/index.php\/wp-json\/wp\/v2\/users\/1"}],"replies":[{"embeddable":true,"href":"https:\/\/www.joogasalonki.fi\/index.php\/wp-json\/wp\/v2\/comments?post=88"}],"version-history":[{"count":37,"href":"https:\/\/www.joogasalonki.fi\/index.php\/wp-json\/wp\/v2\/pages\/88\/revisions"}],"predecessor-version":[{"id":859,"href":"https:\/\/www.joogasalonki.fi\/index.php\/wp-json\/wp\/v2\/pages\/88\/revisions\/859"}],"wp:attachment":[{"href":"https:\/\/www.joogasalonki.fi\/index.php\/wp-json\/wp\/v2\/media?parent=88"}],"curies":[{"name":"wp","href":"https:\/\/api.w.org\/{rel}","templated":true}]}}